{"id":2532,"date":"2025-07-31T13:58:46","date_gmt":"2025-07-31T13:58:46","guid":{"rendered":"https:\/\/miami.samuel-marburger.com\/?page_id=2532"},"modified":"2025-08-04T16:45:48","modified_gmt":"2025-08-04T16:45:48","slug":"paris","status":"publish","type":"page","link":"https:\/\/miami.samuel-marburger.com\/?page_id=2532","title":{"rendered":"Paris"},"content":{"rendered":"<p>[et_pb_section fb_built=&#8221;1&#8243; custom_padding_last_edited=&#8221;on|phone&#8221; admin_label=&#8221;section&#8221; _builder_version=&#8221;4.27.4&#8243; background_color=&#8221;#080810&#8243; custom_margin=&#8221;||||false|false&#8221; custom_margin_tablet=&#8221;||||false|false&#8221; custom_margin_phone=&#8221;||||false|false&#8221; custom_margin_last_edited=&#8221;on|phone&#8221; custom_padding=&#8221;0px||0px||true|false&#8221; custom_padding_tablet=&#8221;||||true|false&#8221; custom_padding_phone=&#8221;20px||20px||false|false&#8221; locked=&#8221;off&#8221; global_colors_info=&#8221;{}&#8221;][et_pb_row column_structure=&#8221;3_5,2_5&#8243; make_equal=&#8221;on&#8221; custom_padding_last_edited=&#8221;on|phone&#8221; admin_label=&#8221;row&#8221; _builder_version=&#8221;4.27.4&#8243; background_color=&#8221;#080810&#8243; background_size=&#8221;initial&#8221; background_repeat=&#8221;repeat&#8221; width=&#8221;100%&#8221; width_tablet=&#8221;80%&#8221; width_phone=&#8221;80%&#8221; width_last_edited=&#8221;on|tablet&#8221; max_width=&#8221;2560px&#8221; custom_margin_phone=&#8221;||||false|false&#8221; custom_margin_last_edited=&#8221;off|phone&#8221; custom_padding=&#8221;0px||0px|10%|false|false&#8221; custom_padding_tablet=&#8221;|||0%|false|false&#8221; custom_padding_phone=&#8221;|||0%|false|false&#8221; global_colors_info=&#8221;{}&#8221;][et_pb_column type=&#8221;3_5&#8243; module_class=&#8221;centrer-verticalement&#8221; _builder_version=&#8221;4.27.4&#8243; custom_padding=&#8221;50px||50px||true|false&#8221; custom_padding_tablet=&#8221;20px|0px||0px|false|false&#8221; custom_padding_phone=&#8221;0px||||false|false&#8221; custom_padding_last_edited=&#8221;on|phone&#8221; global_colors_info=&#8221;{}&#8221; custom_padding__hover=&#8221;|||&#8221;][et_pb_text _builder_version=&#8221;4.27.4&#8243; _module_preset=&#8221;default&#8221; text_font=&#8221;Inter||||||||&#8221; header_font=&#8221;Atelier femme|||on|||||&#8221; header_text_color=&#8221;#FFFFFF&#8221; header_font_size=&#8221;70px&#8221; custom_margin_tablet=&#8221;&#8221; custom_margin_phone=&#8221;20px||||false|false&#8221; custom_margin_last_edited=&#8221;on|phone&#8221; header_font_size_tablet=&#8221;70px&#8221; header_font_size_phone=&#8221;40px&#8221; header_font_size_last_edited=&#8221;on|phone&#8221; global_colors_info=&#8221;{}&#8221;]<\/p>\n<h1>Paris<\/h1>\n<p>[\/et_pb_text][et_pb_text _builder_version=&#8221;4.27.4&#8243; _module_preset=&#8221;default&#8221; text_font=&#8221;Inter||||||||&#8221; text_text_color=&#8221;#FFFFFF&#8221; global_colors_info=&#8221;{}&#8221;]<\/p>\n<p><b><span data-contrast=\"none\">Bienvenue sur le campus parisien de l\u2019\u00e9cole \u00c9lys\u00e9es Marbeuf, un lieu d\u2019excellence situ\u00e9 au c\u0153ur du prestigieux Triangle d\u2019Or parisien<\/span><\/b><span data-contrast=\"none\">.<\/span><\/p>\n<p><span data-contrast=\"none\">Notre campus est id\u00e9alement situ\u00e9 \u00e0 proximit\u00e9 de tous les moyens de transport en commun, offrant ainsi une accessibilit\u00e9 optimale aux \u00e9tudiants venant de toutes les r\u00e9gions de Paris et de ses environs.<\/span><span data-ccp-props=\"{&quot;134233117&quot;:false,&quot;134233118&quot;:false,&quot;201341983&quot;:0,&quot;335559738&quot;:0,&quot;335559739&quot;:300,&quot;335559740&quot;:240}\">\u00a0<\/span><\/p>\n<p>[\/et_pb_text][\/et_pb_column][et_pb_column type=&#8221;2_5&#8243; _builder_version=&#8221;4.27.4&#8243; _module_preset=&#8221;default&#8221; background_image=&#8221;https:\/\/miami.samuel-marburger.com\/wp-content\/uploads\/2025\/08\/CAMPUS_PARIS-3.jpg&#8221; hover_enabled=&#8221;0&#8243; background_last_edited=&#8221;on|desktop&#8221; background_enable_image_tablet=&#8221;off&#8221; global_colors_info=&#8221;{}&#8221; title_text=&#8221;CAMPUS_PARIS 3&#8243; sticky_enabled=&#8221;0&#8243;][et_pb_image src=&#8221;https:\/\/miami.samuel-marburger.com\/wp-content\/uploads\/2025\/08\/CAMPUS_PARIS-3.jpg&#8221; alt=&#8221;Le campus de Paris&#8221; title_text=&#8221;CAMPUS_PARIS 3&#8243; disabled_on=&#8221;off|off|on&#8221; _builder_version=&#8221;4.27.4&#8243; _module_preset=&#8221;default&#8221; custom_margin=&#8221;-40px||20px||false|false&#8221; custom_margin_tablet=&#8221;-40px||0px||false|false&#8221; custom_margin_phone=&#8221;-40px||20px||false|false&#8221; custom_margin_last_edited=&#8221;on|phone&#8221; custom_padding_phone=&#8221;0px||||false|false&#8221; custom_padding_last_edited=&#8221;off|phone&#8221; hover_enabled=&#8221;0&#8243; global_colors_info=&#8221;{}&#8221; sticky_enabled=&#8221;0&#8243;][\/et_pb_image][\/et_pb_column][\/et_pb_row][\/et_pb_section][et_pb_section fb_built=&#8221;1&#8243; _builder_version=&#8221;4.27.4&#8243; _module_preset=&#8221;default&#8221; background_enable_color=&#8221;off&#8221; custom_padding=&#8221;0px||0px||true|false&#8221; locked=&#8221;off&#8221; global_colors_info=&#8221;{}&#8221;][et_pb_row column_structure=&#8221;2_3,1_3&#8243; custom_padding_last_edited=&#8221;off|desktop&#8221; _builder_version=&#8221;4.27.4&#8243; _module_preset=&#8221;default&#8221; width_tablet=&#8221;80%&#8221; width_phone=&#8221;80%&#8221; width_last_edited=&#8221;on|desktop&#8221; max_width=&#8221;2560px&#8221; custom_margin_last_edited=&#8221;off|desktop&#8221; custom_padding=&#8221;||||false|false&#8221; custom_padding_phone=&#8221;|0%|||false|false&#8221; global_colors_info=&#8221;{}&#8221;][et_pb_column type=&#8221;2_3&#8243; _builder_version=&#8221;4.27.4&#8243; _module_preset=&#8221;default&#8221; global_colors_info=&#8221;{}&#8221;][dmpro_carousel columns=&#8221;2&#8243; loop=&#8221;on&#8221; autoplay=&#8221;on&#8221; navigation=&#8221;on&#8221; centered=&#8221;off&#8221; navigation_prev_icon_yn=&#8221;on&#8221; navigation_prev_icon=&#8221;&#x34;||divi||400&#8243; navigation_color=&#8221;#080810&#8243; _builder_version=&#8221;4.27.4&#8243; _module_preset=&#8221;default&#8221; custom_css_navigation=&#8221;margin-left:40px;||margin-right:40px;&#8221; global_colors_info=&#8221;{}&#8221;][dmpro_carousel_child img_src=&#8221;https:\/\/miami.samuel-marburger.com\/wp-content\/uploads\/2025\/07\/CAMPUS_PARIS.jpg&#8221; _builder_version=&#8221;4.27.4&#8243; _module_preset=&#8221;default&#8221; global_colors_info=&#8221;{}&#8221;][\/dmpro_carousel_child][dmpro_carousel_child img_src=&#8221;https:\/\/miami.samuel-marburger.com\/wp-content\/uploads\/2025\/07\/CAMPUS_PARIS.jpg&#8221; _builder_version=&#8221;4.27.4&#8243; _module_preset=&#8221;default&#8221; global_colors_info=&#8221;{}&#8221;][\/dmpro_carousel_child][dmpro_carousel_child img_src=&#8221;https:\/\/miami.samuel-marburger.com\/wp-content\/uploads\/2025\/07\/CAMPUS_PARIS.jpg&#8221; _builder_version=&#8221;4.27.4&#8243; _module_preset=&#8221;default&#8221; global_colors_info=&#8221;{}&#8221;][\/dmpro_carousel_child][dmpro_carousel_child img_src=&#8221;https:\/\/miami.samuel-marburger.com\/wp-content\/uploads\/2025\/07\/CAMPUS_PARIS.jpg&#8221; _builder_version=&#8221;4.27.4&#8243; _module_preset=&#8221;default&#8221; global_colors_info=&#8221;{}&#8221;][\/dmpro_carousel_child][\/dmpro_carousel][dmpro_masonry_gallery images=&#8221;2526,2525,2527,2528&#8243; columns=&#8221;2&#8243; gutter=&#8221;50&#8243; _builder_version=&#8221;4.27.4&#8243; _module_preset=&#8221;default&#8221; border_color_all_grid_item=&#8221;#FFFFFF&#8221; global_colors_info=&#8221;{}&#8221;][\/dmpro_masonry_gallery][\/et_pb_column][et_pb_column type=&#8221;1_3&#8243; _builder_version=&#8221;4.27.4&#8243; _module_preset=&#8221;default&#8221; background_color=&#8221;#FFF8F1&#8243; custom_padding=&#8221;50px|30px|50px|30px|true|false&#8221; border_radii=&#8221;on|50px|50px|50px|50px&#8221; global_colors_info=&#8221;{}&#8221;][et_pb_text _builder_version=&#8221;4.27.4&#8243; _module_preset=&#8221;default&#8221; text_font=&#8221;Inter||||||||&#8221; text_text_color=&#8221;#000000&#8243; text_font_size=&#8221;32px&#8221; link_font=&#8221;Inter||||on|||#7A87C0|&#8221; header_2_font=&#8221;Inter||||||||&#8221; global_colors_info=&#8221;{}&#8221;]<\/p>\n<p style=\"text-align: center;\">Contact<\/p>\n<p>[\/et_pb_text][et_pb_divider color=&#8221;#7A87C0&#8243; divider_weight=&#8221;1px&#8221; _builder_version=&#8221;4.27.4&#8243; _module_preset=&#8221;default&#8221; width=&#8221;90%&#8221; module_alignment=&#8221;center&#8221; custom_margin=&#8221;10px||10px||false|false&#8221; custom_padding=&#8221;||||false|false&#8221; global_colors_info=&#8221;{}&#8221;][\/et_pb_divider][et_pb_text _builder_version=&#8221;4.27.4&#8243; _module_preset=&#8221;default&#8221; text_font=&#8221;Inter||||||||&#8221; text_text_color=&#8221;#000000&#8243; link_font=&#8221;Inter||||on|||#7A87C0|&#8221; link_text_color=&#8221;#7A87C0&#8243; header_2_font=&#8221;Inter||||||||&#8221; global_colors_info=&#8221;{}&#8221;]<\/p>\n<p style=\"text-align: left;\">Adresses : 64 bis, Rue La Boetie 75008 Paris<\/p>\n<p>[\/et_pb_text][\/et_pb_column][\/et_pb_row][\/et_pb_section]<\/p>\n","protected":false},"excerpt":{"rendered":"<p>ParisBienvenue sur le campus parisien de l\u2019\u00e9cole \u00c9lys\u00e9es Marbeuf, un lieu d\u2019excellence situ\u00e9 au c\u0153ur du prestigieux Triangle d\u2019Or parisien. Notre campus est id\u00e9alement situ\u00e9 \u00e0 proximit\u00e9 de tous les moyens de transport en commun, offrant ainsi une accessibilit\u00e9 optimale aux \u00e9tudiants venant de toutes les r\u00e9gions de Paris et de ses environs.\u00a0<div class=\"et_pb_module dmpro_carousel dmpro_carousel_0\">\n\t\t\t\t\n\t\t\t\t\n\t\t\t\t\n\t\t\t\t\n\t\t\t\t\n\t\t\t\t\n\t\t\t\t<div class=\"et_pb_module_inner\">\n\t\t\t\t\t<style><\/style>\n            <div class=\"dmpro-carousel-main\" aria-roledescription=\"carousel\" data-columnsdesktop='&#8221;2&#8243;' data-columnstablet='&#8221;2&#8243;' data-columnsphone='&#8221;2&#8243;' data-spacebetween='30' data-spacebetween_tablet='30' data-spacebetween_phone='30' data-loop='&#8221;on&#8221;' data-speed='500' data-navigation='off' data-pagination='off' data-autoplay='off' data-autoplayspeed='5000' data-pauseonhover='on' data-effect='slide' data-rotate='50' data-dynamicbullets='on' data-ordernumber='0' data-centered='on' data-shadow='true' data-a11y-prevslidemessage='Previous slide' data-a11y-nextslidemessage='Next slide' data-a11y-firstslidemessage='This is the first slide' data-a11y-lastslidemessage='This is the last slide' data-a11y-paginationbulletmessage='Go to slide {{index}}' data-a11y-slidelabelmessage='{{index}} \/ {{slidesLength}}'>\n\t\t\t\t\n                <div class=\"swiper swiper-dmpro-container\">\n                    <div class=\"swiper-wrapper dmpro-carousel-wrapper\">\n                        \n                    <\/div>\n                <\/div>\n                \n            <\/div>\n\t\t\t\t<\/div>\n\t\t\t<\/div><\/p>\n","protected":false},"author":1,"featured_media":0,"parent":2523,"menu_order":0,"comment_status":"closed","ping_status":"closed","template":"","meta":{"_et_pb_use_builder":"on","_et_pb_old_content":"","_et_gb_content_width":"","footnotes":""},"class_list":["post-2532","page","type-page","status-publish","hentry"],"_links":{"self":[{"href":"https:\/\/miami.samuel-marburger.com\/index.php?rest_route=\/wp\/v2\/pages\/2532","targetHints":{"allow":["GET"]}}],"collection":[{"href":"https:\/\/miami.samuel-marburger.com\/index.php?rest_route=\/wp\/v2\/pages"}],"about":[{"href":"https:\/\/miami.samuel-marburger.com\/index.php?rest_route=\/wp\/v2\/types\/page"}],"author":[{"embeddable":true,"href":"https:\/\/miami.samuel-marburger.com\/index.php?rest_route=\/wp\/v2\/users\/1"}],"replies":[{"embeddable":true,"href":"https:\/\/miami.samuel-marburger.com\/index.php?rest_route=%2Fwp%2Fv2%2Fcomments&post=2532"}],"version-history":[{"count":6,"href":"https:\/\/miami.samuel-marburger.com\/index.php?rest_route=\/wp\/v2\/pages\/2532\/revisions"}],"predecessor-version":[{"id":2681,"href":"https:\/\/miami.samuel-marburger.com\/index.php?rest_route=\/wp\/v2\/pages\/2532\/revisions\/2681"}],"up":[{"embeddable":true,"href":"https:\/\/miami.samuel-marburger.com\/index.php?rest_route=\/wp\/v2\/pages\/2523"}],"wp:attachment":[{"href":"https:\/\/miami.samuel-marburger.com\/index.php?rest_route=%2Fwp%2Fv2%2Fmedia&parent=2532"}],"curies":[{"name":"wp","href":"https:\/\/api.w.org\/{rel}","templated":true}]}}