{"id":2493,"date":"2025-07-31T13:31:56","date_gmt":"2025-07-31T13:31:56","guid":{"rendered":"https:\/\/miami.samuel-marburger.com\/?page_id=2493"},"modified":"2025-09-08T11:47:50","modified_gmt":"2025-09-08T11:47:50","slug":"meet-the-team","status":"publish","type":"page","link":"https:\/\/miami.samuel-marburger.com\/?page_id=2493","title":{"rendered":"Meet the team"},"content":{"rendered":"<p>[et_pb_section fb_built=&#8221;1&#8243; custom_padding_last_edited=&#8221;on|phone&#8221; admin_label=&#8221;section&#8221; _builder_version=&#8221;4.27.4&#8243; background_color=&#8221;#080810&#8243; custom_margin=&#8221;||||false|false&#8221; custom_margin_tablet=&#8221;||||false|false&#8221; custom_margin_phone=&#8221;||||false|false&#8221; custom_margin_last_edited=&#8221;on|phone&#8221; custom_padding=&#8221;0px||0px||true|false&#8221; custom_padding_tablet=&#8221;||||true|false&#8221; custom_padding_phone=&#8221;20px||20px||false|false&#8221; locked=&#8221;off&#8221; global_colors_info=&#8221;{}&#8221;][et_pb_row column_structure=&#8221;3_5,2_5&#8243; make_equal=&#8221;on&#8221; custom_padding_last_edited=&#8221;on|phone&#8221; admin_label=&#8221;row&#8221; _builder_version=&#8221;4.27.4&#8243; background_color=&#8221;#080810&#8243; background_size=&#8221;initial&#8221; background_repeat=&#8221;repeat&#8221; width=&#8221;100%&#8221; width_tablet=&#8221;80%&#8221; width_phone=&#8221;80%&#8221; width_last_edited=&#8221;on|tablet&#8221; max_width=&#8221;2560px&#8221; custom_margin_phone=&#8221;||||false|false&#8221; custom_margin_last_edited=&#8221;off|phone&#8221; custom_padding=&#8221;0px||0px|10%|false|false&#8221; custom_padding_tablet=&#8221;|||0%|false|false&#8221; custom_padding_phone=&#8221;|||0%|false|false&#8221; global_colors_info=&#8221;{}&#8221;][et_pb_column type=&#8221;3_5&#8243; module_class=&#8221;centrer-verticalement&#8221; _builder_version=&#8221;4.27.4&#8243; custom_padding=&#8221;50px||50px||true|false&#8221; custom_padding_tablet=&#8221;20px|0px||0px|false|false&#8221; custom_padding_phone=&#8221;0px||||false|false&#8221; custom_padding_last_edited=&#8221;on|phone&#8221; global_colors_info=&#8221;{}&#8221; custom_padding__hover=&#8221;|||&#8221;][et_pb_text _builder_version=&#8221;4.27.4&#8243; _module_preset=&#8221;default&#8221; text_font=&#8221;Inter||||||||&#8221; header_font=&#8221;&#8211;et_global_heading_font|||on|||||&#8221; header_text_color=&#8221;#FFFFFF&#8221; header_font_size=&#8221;50px&#8221; custom_margin_tablet=&#8221;&#8221; custom_margin_phone=&#8221;20px||||false|false&#8221; custom_margin_last_edited=&#8221;on|phone&#8221; hover_enabled=&#8221;0&#8243; header_font_size_tablet=&#8221;70px&#8221; header_font_size_phone=&#8221;40px&#8221; header_font_size_last_edited=&#8221;on|phone&#8221; global_colors_info=&#8221;{}&#8221; sticky_enabled=&#8221;0&#8243;]<\/p>\n<h1><span>\u00a0Meet the team<\/span><\/h1>\n<p>[\/et_pb_text][et_pb_text _builder_version=&#8221;4.27.4&#8243; _module_preset=&#8221;default&#8221; text_font=&#8221;Inter||||||||&#8221; text_text_color=&#8221;#FFFFFF&#8221; link_font=&#8221;||||on|||#7A87C0|&#8221; link_text_color=&#8221;#7A87C0&#8243; global_colors_info=&#8221;{}&#8221;]Nous sommes fiers de compter au sein de l\u2019\u00e9cole Elys\u00e9es Marbeuf une \u00e9quipe passionn\u00e9e, d\u00e9vou\u00e9e et experte dans les domaines de la beaut\u00e9, du luxe et des cosm\u00e9tiques.<br \/>\nNous avons \u00e0 c\u0153ur de vous faire d\u00e9couvrir les visages de celles et ceux qui fa\u00e7onnent notre \u00e9cole et qui contribuent chaque jour \u00e0 la r\u00e9ussite de nos \u00e9tudiants.<\/p>\n<p>Notre \u00e9quipe est compos\u00e9e de professionnels chevronn\u00e9s et d&#8217;experts reconnus, tous anim\u00e9s par la volont\u00e9 de transmettre leur savoir \u00e0 la nouvelle g\u00e9n\u00e9ration de talents.<\/p>\n<p>Nous croyons en l&#8217;importance de l&#8217;accompagnement personnalis\u00e9, en veillant \u00e0 ce que nos \u00e9tudiants se sentent soutenus et encourag\u00e9s dans leurs ambitions \u00e0 chaque \u00e9tape de leur parcours de formation.[\/et_pb_text][\/et_pb_column][et_pb_column type=&#8221;2_5&#8243; _builder_version=&#8221;4.27.4&#8243; _module_preset=&#8221;default&#8221; background_image=&#8221;https:\/\/miami.samuel-marburger.com\/wp-content\/uploads\/2025\/07\/NOTRE-EQUIPE.jpg&#8221; background_last_edited=&#8221;on|desktop&#8221; background_enable_image_tablet=&#8221;off&#8221; global_colors_info=&#8221;{}&#8221;][et_pb_image src=&#8221;https:\/\/miami.samuel-marburger.com\/wp-content\/uploads\/2025\/07\/NOTRE-EQUIPE.jpg&#8221; alt=&#8221;Retoucheur&#8221; title_text=&#8221;NOTRE-EQUIPE&#8221; disabled_on=&#8221;off|off|on&#8221; _builder_version=&#8221;4.27.4&#8243; _module_preset=&#8221;default&#8221; custom_margin=&#8221;-40px||20px||false|false&#8221; custom_margin_tablet=&#8221;-40px||0px||false|false&#8221; custom_margin_phone=&#8221;-40px||20px||false|false&#8221; custom_margin_last_edited=&#8221;on|phone&#8221; custom_padding_phone=&#8221;0px||||false|false&#8221; custom_padding_last_edited=&#8221;off|phone&#8221; global_colors_info=&#8221;{}&#8221;][\/et_pb_image][\/et_pb_column][\/et_pb_row][\/et_pb_section][et_pb_section fb_built=&#8221;1&#8243; _builder_version=&#8221;4.27.4&#8243; _module_preset=&#8221;default&#8221; background_enable_color=&#8221;off&#8221; custom_padding=&#8221;40px||40px||true|false&#8221; locked=&#8221;off&#8221; global_colors_info=&#8221;{}&#8221;][et_pb_row custom_padding_last_edited=&#8221;off|desktop&#8221; _builder_version=&#8221;4.27.4&#8243; _module_preset=&#8221;default&#8221; width_tablet=&#8221;80%&#8221; width_phone=&#8221;80%&#8221; width_last_edited=&#8221;on|desktop&#8221; max_width=&#8221;2560px&#8221; custom_margin_last_edited=&#8221;off|desktop&#8221; custom_padding=&#8221;||||false|false&#8221; custom_padding_phone=&#8221;|0%|||false|false&#8221; global_colors_info=&#8221;{}&#8221;][et_pb_column type=&#8221;4_4&#8243; _builder_version=&#8221;4.27.4&#8243; _module_preset=&#8221;default&#8221; global_colors_info=&#8221;{}&#8221;][et_pb_text _builder_version=&#8221;4.27.4&#8243; _module_preset=&#8221;default&#8221; text_font=&#8221;Inter||||||||&#8221; text_text_color=&#8221;#000000&#8243; header_2_font=&#8221;Inter||||||||&#8221; header_2_text_color=&#8221;#000000&#8243; custom_margin=&#8221;||5px||false|false&#8221; global_colors_info=&#8221;{}&#8221;]<\/p>\n<h2><b>NOTRE EQUIPE RESTE \u00c0 VOTRE ECOUTE<\/b><\/h2>\n<p>[\/et_pb_text][et_pb_divider color=&#8221;#7a87c0&#8243; divider_weight=&#8221;2px&#8221; _builder_version=&#8221;4.27.4&#8243; _module_preset=&#8221;default&#8221; width=&#8221;20px&#8221; module_alignment=&#8221;left&#8221; custom_margin=&#8221;||-15px||false|false&#8221; custom_padding=&#8221;||||false|false&#8221; global_colors_info=&#8221;{}&#8221;][\/et_pb_divider][\/et_pb_column][\/et_pb_row][\/et_pb_section][et_pb_section fb_built=&#8221;1&#8243; custom_padding_last_edited=&#8221;on|phone&#8221; _builder_version=&#8221;4.27.4&#8243; _module_preset=&#8221;default&#8221; width=&#8221;100%&#8221; module_alignment=&#8221;center&#8221; custom_margin=&#8221;||||true|false&#8221; custom_margin_phone=&#8221;||||false|false&#8221; custom_margin_last_edited=&#8221;off|phone&#8221; custom_padding=&#8221;0px||||false|false&#8221; custom_padding_tablet=&#8221;&#8221; custom_padding_phone=&#8221;0px||||false|false&#8221; locked=&#8221;off&#8221; global_colors_info=&#8221;{}&#8221;][et_pb_row column_structure=&#8221;1_3,1_3,1_3&#8243; make_equal=&#8221;on&#8221; custom_padding_last_edited=&#8221;on|tablet&#8221; _builder_version=&#8221;4.27.4&#8243; _module_preset=&#8221;default&#8221; max_width=&#8221;2560px&#8221; custom_padding_tablet=&#8221;||0px||false|false&#8221; custom_padding_phone=&#8221;||0px||false|false&#8221; global_colors_info=&#8221;{}&#8221;][et_pb_column type=&#8221;1_3&#8243; _builder_version=&#8221;4.27.4&#8243; _module_preset=&#8221;default&#8221; background_color=&#8221;#fff8f1&#8243; animation_style=&#8221;fade&#8221; border_radii=&#8221;on|40px|40px|40px|40px&#8221; box_shadow_style=&#8221;preset3&#8243; global_colors_info=&#8221;{}&#8221;][et_pb_image src=&#8221;https:\/\/miami.samuel-marburger.com\/wp-content\/uploads\/2025\/07\/Celine-Levy.jpg&#8221; alt=&#8221;Celine Levy&#8221; title_text=&#8221;Celine-Levy&#8221; show_bottom_space=&#8221;off&#8221; _builder_version=&#8221;4.27.4&#8243; _module_preset=&#8221;default&#8221; custom_margin=&#8221;||20px||false|false&#8221; global_colors_info=&#8221;{}&#8221;][\/et_pb_image][et_pb_text _builder_version=&#8221;4.27.4&#8243; _module_preset=&#8221;default&#8221; text_font=&#8221;Inter||||||||&#8221; text_text_color=&#8221;#FFFFFF&#8221; background_color=&#8221;#080810&#8243; custom_margin=&#8221;-20px||20px||false|false&#8221; custom_padding=&#8221;3px||3px||false|false&#8221; global_colors_info=&#8221;{}&#8221;]<\/p>\n<p style=\"text-align: center;\">DIRECTION<\/p>\n<p>[\/et_pb_text][et_pb_text _builder_version=&#8221;4.27.4&#8243; _module_preset=&#8221;default&#8221; text_font=&#8221;Inter||||||||&#8221; text_font_size=&#8221;17px&#8221; custom_margin=&#8221;||10px||false|false&#8221; custom_padding=&#8221;|||5%|false|false&#8221; global_colors_info=&#8221;{}&#8221;]<\/p>\n<p>C\u00e9line LEVY<\/p>\n<p>[\/et_pb_text][dmpro_button_grid flex_direction=&#8221;row&#8221; justify_content=&#8221;flex-start&#8221; _builder_version=&#8221;4.27.4&#8243; _module_preset=&#8221;default&#8221; text_style_font=&#8221;Inter||||||||&#8221; text_style_text_color=&#8221;#000000&#8243; text_style_font_size=&#8221;10px&#8221; custom_margin=&#8221;||||false|false&#8221; custom_margin_tablet=&#8221;||||false|false&#8221; custom_margin_phone=&#8221;||-10px||false|false&#8221; custom_margin_last_edited=&#8221;on|tablet&#8221; custom_padding=&#8221;|||5%|false|false&#8221; text_style_font_size_tablet=&#8221;18px&#8221; text_style_font_size_phone=&#8221;10px&#8221; text_style_font_size_last_edited=&#8221;on|phone&#8221; global_colors_info=&#8221;{}&#8221;][dmpro_button_grid_child button_type=&#8221;text&#8221; button_link_target=&#8221;1&#8243; text_info=&#8221;DIRECTRICE DE LA PEDAGOGIE&#8221; _builder_version=&#8221;4.27.4&#8243; _module_preset=&#8221;default&#8221; text_style_line_height=&#8221;1.8em&#8221; custom_margin=&#8221;|5px|20px||false|false&#8221; custom_padding=&#8221;|10px||10px|false|true&#8221; border_radii=&#8221;on|20px|20px|20px|20px&#8221; border_width_all=&#8221;1px&#8221; border_color_all=&#8221;#7a87c0&#8243; global_colors_info=&#8221;{}&#8221;][\/dmpro_button_grid_child][\/dmpro_button_grid][\/et_pb_column][et_pb_column type=&#8221;1_3&#8243; _builder_version=&#8221;4.27.4&#8243; _module_preset=&#8221;default&#8221; background_color=&#8221;#fff8f1&#8243; animation_style=&#8221;fade&#8221; border_radii=&#8221;on|40px|40px|40px|40px&#8221; box_shadow_style=&#8221;preset3&#8243; global_colors_info=&#8221;{}&#8221;][et_pb_image src=&#8221;https:\/\/miami.samuel-marburger.com\/wp-content\/uploads\/2025\/07\/Celine-Levy.jpg&#8221; alt=&#8221;Celine Levy&#8221; title_text=&#8221;Celine-Levy&#8221; show_bottom_space=&#8221;off&#8221; _builder_version=&#8221;4.27.4&#8243; _module_preset=&#8221;default&#8221; custom_margin=&#8221;||20px||false|false&#8221; global_colors_info=&#8221;{}&#8221;][\/et_pb_image][et_pb_text _builder_version=&#8221;4.27.4&#8243; _module_preset=&#8221;default&#8221; text_font=&#8221;Inter||||||||&#8221; text_text_color=&#8221;#FFFFFF&#8221; background_color=&#8221;#080810&#8243; custom_margin=&#8221;-20px||20px||false|false&#8221; custom_padding=&#8221;3px||3px||false|false&#8221; global_colors_info=&#8221;{}&#8221;]<\/p>\n<p style=\"text-align: center;\">DIRECTION<\/p>\n<p>[\/et_pb_text][et_pb_text _builder_version=&#8221;4.27.4&#8243; _module_preset=&#8221;default&#8221; text_font=&#8221;Inter||||||||&#8221; text_font_size=&#8221;17px&#8221; custom_margin=&#8221;||10px||false|false&#8221; custom_padding=&#8221;|||5%|false|false&#8221; global_colors_info=&#8221;{}&#8221;]<\/p>\n<p>Baruk Benamran<\/p>\n<p>[\/et_pb_text][dmpro_button_grid flex_direction=&#8221;row&#8221; justify_content=&#8221;flex-start&#8221; _builder_version=&#8221;4.27.4&#8243; _module_preset=&#8221;default&#8221; text_style_font=&#8221;Inter||||||||&#8221; text_style_text_color=&#8221;#000000&#8243; text_style_font_size=&#8221;10px&#8221; custom_margin=&#8221;||||false|false&#8221; custom_margin_tablet=&#8221;||||false|false&#8221; custom_margin_phone=&#8221;||-10px||false|false&#8221; custom_margin_last_edited=&#8221;on|tablet&#8221; custom_padding=&#8221;|||5%|false|false&#8221; text_style_font_size_tablet=&#8221;18px&#8221; text_style_font_size_phone=&#8221;10px&#8221; text_style_font_size_last_edited=&#8221;on|phone&#8221; global_colors_info=&#8221;{}&#8221;][dmpro_button_grid_child button_type=&#8221;text&#8221; button_link_target=&#8221;1&#8243; text_info=&#8221;DIRECTEUR&#8221; _builder_version=&#8221;4.27.4&#8243; _module_preset=&#8221;default&#8221; text_style_line_height=&#8221;1.8em&#8221; custom_margin=&#8221;|5px|20px||false|false&#8221; custom_padding=&#8221;|10px||10px|false|true&#8221; border_radii=&#8221;on|20px|20px|20px|20px&#8221; border_width_all=&#8221;1px&#8221; border_color_all=&#8221;#7a87c0&#8243; global_colors_info=&#8221;{}&#8221;][\/dmpro_button_grid_child][\/dmpro_button_grid][\/et_pb_column][et_pb_column type=&#8221;1_3&#8243; _builder_version=&#8221;4.27.4&#8243; _module_preset=&#8221;default&#8221; background_color=&#8221;#fff8f1&#8243; animation_style=&#8221;fade&#8221; border_radii=&#8221;on|40px|40px|40px|40px&#8221; box_shadow_style=&#8221;preset3&#8243; global_colors_info=&#8221;{}&#8221;][et_pb_image src=&#8221;https:\/\/miami.samuel-marburger.com\/wp-content\/uploads\/2025\/07\/Celine-Levy.jpg&#8221; alt=&#8221;Celine Levy&#8221; title_text=&#8221;Celine-Levy&#8221; show_bottom_space=&#8221;off&#8221; _builder_version=&#8221;4.27.4&#8243; _module_preset=&#8221;default&#8221; custom_margin=&#8221;||20px||false|false&#8221; global_colors_info=&#8221;{}&#8221;][\/et_pb_image][et_pb_text _builder_version=&#8221;4.27.4&#8243; _module_preset=&#8221;default&#8221; text_font=&#8221;Inter||||||||&#8221; text_text_color=&#8221;#FFFFFF&#8221; background_color=&#8221;#080810&#8243; custom_margin=&#8221;-20px||20px||false|false&#8221; custom_padding=&#8221;3px||3px||false|false&#8221; global_colors_info=&#8221;{}&#8221;]<\/p>\n<p style=\"text-align: center;\">DIRECTION<\/p>\n<p>[\/et_pb_text][et_pb_text _builder_version=&#8221;4.27.4&#8243; _module_preset=&#8221;default&#8221; text_font=&#8221;Inter||||||||&#8221; text_font_size=&#8221;17px&#8221; custom_margin=&#8221;||10px||false|false&#8221; custom_padding=&#8221;|||5%|false|false&#8221; global_colors_info=&#8221;{}&#8221;]<\/p>\n<p>DYLAN<\/p>\n<p>[\/et_pb_text][\/et_pb_column][\/et_pb_row][\/et_pb_section]<\/p>\n","protected":false},"excerpt":{"rendered":"<p>\u00a0Meet the teamNous sommes fiers de compter au sein de l\u2019\u00e9cole Elys\u00e9es Marbeuf une \u00e9quipe passionn\u00e9e, d\u00e9vou\u00e9e et experte dans les domaines de la beaut\u00e9, du luxe et des cosm\u00e9tiques. Nous avons \u00e0 c\u0153ur de vous faire d\u00e9couvrir les visages de celles et ceux qui fa\u00e7onnent notre \u00e9cole et qui contribuent chaque jour \u00e0 la [&hellip;]<\/p>\n","protected":false},"author":1,"featured_media":0,"parent":2511,"menu_order":0,"comment_status":"closed","ping_status":"closed","template":"","meta":{"_et_pb_use_builder":"on","_et_pb_old_content":"","_et_gb_content_width":"","footnotes":""},"class_list":["post-2493","page","type-page","status-publish","hentry"],"_links":{"self":[{"href":"https:\/\/miami.samuel-marburger.com\/index.php?rest_route=\/wp\/v2\/pages\/2493","targetHints":{"allow":["GET"]}}],"collection":[{"href":"https:\/\/miami.samuel-marburger.com\/index.php?rest_route=\/wp\/v2\/pages"}],"about":[{"href":"https:\/\/miami.samuel-marburger.com\/index.php?rest_route=\/wp\/v2\/types\/page"}],"author":[{"embeddable":true,"href":"https:\/\/miami.samuel-marburger.com\/index.php?rest_route=\/wp\/v2\/users\/1"}],"replies":[{"embeddable":true,"href":"https:\/\/miami.samuel-marburger.com\/index.php?rest_route=%2Fwp%2Fv2%2Fcomments&post=2493"}],"version-history":[{"count":5,"href":"https:\/\/miami.samuel-marburger.com\/index.php?rest_route=\/wp\/v2\/pages\/2493\/revisions"}],"predecessor-version":[{"id":2699,"href":"https:\/\/miami.samuel-marburger.com\/index.php?rest_route=\/wp\/v2\/pages\/2493\/revisions\/2699"}],"up":[{"embeddable":true,"href":"https:\/\/miami.samuel-marburger.com\/index.php?rest_route=\/wp\/v2\/pages\/2511"}],"wp:attachment":[{"href":"https:\/\/miami.samuel-marburger.com\/index.php?rest_route=%2Fwp%2Fv2%2Fmedia&parent=2493"}],"curies":[{"name":"wp","href":"https:\/\/api.w.org\/{rel}","templated":true}]}}