{"id":16,"date":"2025-07-17T09:10:33","date_gmt":"2025-07-17T09:10:33","guid":{"rendered":"https:\/\/miami.samuel-marburger.com\/?page_id=16"},"modified":"2025-09-08T11:59:57","modified_gmt":"2025-09-08T11:59:57","slug":"accueil","status":"publish","type":"page","link":"https:\/\/miami.samuel-marburger.com\/","title":{"rendered":"Accueil"},"content":{"rendered":"<p>[et_pb_section fb_built=&#8221;1&#8243; _builder_version=&#8221;4.27.4&#8243; _module_preset=&#8221;default&#8221; background_image=&#8221;https:\/\/miami.samuel-marburger.com\/wp-content\/uploads\/2025\/07\/pexels-antonio-cuellar-2825974-4366062.jpg&#8221; min_height=&#8221;600px&#8221; max_height=&#8221;600px&#8221; global_colors_info=&#8221;{}&#8221;][et_pb_row _builder_version=&#8221;4.27.4&#8243; _module_preset=&#8221;default&#8221; global_colors_info=&#8221;{}&#8221;][et_pb_column type=&#8221;4_4&#8243; _builder_version=&#8221;4.27.4&#8243; _module_preset=&#8221;default&#8221; global_colors_info=&#8221;{}&#8221;][\/et_pb_column][\/et_pb_row][\/et_pb_section][et_pb_section fb_built=&#8221;1&#8243; _builder_version=&#8221;4.27.4&#8243; _module_preset=&#8221;default&#8221; global_colors_info=&#8221;{}&#8221;][et_pb_row column_structure=&#8221;1_2,1_2&#8243; _builder_version=&#8221;4.27.4&#8243; _module_preset=&#8221;default&#8221; max_width=&#8221;2560px&#8221; global_colors_info=&#8221;{}&#8221;][et_pb_column type=&#8221;1_2&#8243; _builder_version=&#8221;4.27.4&#8243; _module_preset=&#8221;default&#8221; global_colors_info=&#8221;{}&#8221;][et_pb_text _builder_version=&#8221;4.27.4&#8243; _module_preset=&#8221;default&#8221; text_font_size=&#8221;16px&#8221; global_colors_info=&#8221;{}&#8221;]<\/p>\n<p>Since 1953, <strong>Elys\u00e9es Marbeuf, the Beauty, Luxury and Fashion French Institute is a reference<\/strong> with a wide range of programs, to develop must-have hard and soft skills to become a high value professional on the Beauty, Luxury and Fashion market.<\/p>\n<p style=\"font-weight: 400;\">Historically based in the heart of Paris, then Cannes and Lyon, Elys\u00e9es Marbeuf has opened a new campus in the design district of Miami.<\/p>\n<p style=\"font-weight: 400;\">The US team has developped specific training programs for Hospitality staff and students who want to perform in the Luxury business.<\/p>\n<p>[\/et_pb_text][\/et_pb_column][et_pb_column type=&#8221;1_2&#8243; _builder_version=&#8221;4.27.4&#8243; _module_preset=&#8221;default&#8221; global_colors_info=&#8221;{}&#8221;][et_pb_image src=&#8221;https:\/\/miami.samuel-marburger.com\/wp-content\/uploads\/2025\/07\/FORMATIONS_1_STYLISTE-MODELISTE_1.jpg&#8221; title_text=&#8221;FORMATIONS_1_STYLISTE-MODELISTE_1&#8243; _builder_version=&#8221;4.27.4&#8243; _module_preset=&#8221;default&#8221; global_colors_info=&#8221;{}&#8221;][\/et_pb_image][\/et_pb_column][\/et_pb_row][\/et_pb_section][et_pb_section fb_built=&#8221;1&#8243; fullwidth=&#8221;on&#8221; _builder_version=&#8221;4.27.4&#8243; _module_preset=&#8221;default&#8221; custom_margin=&#8221;||||false|false&#8221; locked=&#8221;off&#8221; collapsed=&#8221;off&#8221; global_colors_info=&#8221;{}&#8221; theme_builder_area=&#8221;post_content&#8221;][et_pb_fullwidth_slider show_image_video_mobile=&#8221;on&#8221; arrows_custom_color=&#8221;#7a87c0&#8243; dot_nav_custom_color=&#8221;#7a87c0&#8243; module_class=&#8221;mon-divider-module&#8221; _builder_version=&#8221;4.27.4&#8243; _module_preset=&#8221;default&#8221; body_font=&#8221;Inter||||||||&#8221; body_link_font=&#8221;Inter||||on||||&#8221; body_link_text_color=&#8221;#7A87C0&#8243; background_color=&#8221;#080810&#8243; custom_padding=&#8221;||||false|false&#8221; custom_padding_tablet=&#8221;|||5%|false|false&#8221; custom_padding_phone=&#8221;||||false|true&#8221; custom_padding_last_edited=&#8221;off|phone&#8221; custom_css_free_form=&#8221;@media(min-width: 981px) {||    #page-container selector .et_pb_slide {||    padding: 0!important;||}||#page-container selector .et_pb_slide_image,||#page-container selector .et_pb_slide_description {||    position: unset!important;||    margin: 0!important;||    padding: 0!important;||}||#page-container selector .et_pb_slide_description .et_pb_slide_title,||#page-container selector .et_pb_slide_description .et_pb_slide_content {||    padding-left: 12%;||    padding-right: 30%;||    width: 100%;||}||#page-container selector .et_pb_slide_description {||    width: 70%!important;||    display: flex;||    flex-wrap: wrap;||    align-content: center;||}||#page-container selector .et_pb_slide_image {||    width: 30%!important;||}||#page-container selector .et_pb_slider_container_inner {||    display: flex;||    flex-direction: row-reverse;||}||||#page-container .et_pb_slide_image img {||    max-height: unset!important;||}||#page-container .et_pb_button_wrapper {||    position: absolute;||    bottom: 0;||    width: 100%;||}||#page-container .et_pb_button.et_pb_more_button {||    width: 100%;||}||||  ||  ||  ||}||#page-container selector .et_pb_slide {||\tanimation: none!important;||\ttransition: none!important;||}||||#page-container selector .et-pb-active-slide .et_pb_slide_image {||\tanimation: none!important;||\ttransition: none!important;\t||}||||#page-container selector .et_pb_slide:first-child .et_pb_slide_image img.active {||\t\tanimation: none!important;||\ttransition: none!important;\t||\t||}||||||||||||&#8221; global_colors_info=&#8221;{}&#8221; custom_css_slide_description_last_edited=&#8221;on|phone&#8221; custom_css_slide_description_phone=&#8221;margin-top:-80px&#8221; theme_builder_area=&#8221;post_content&#8221;][et_pb_slide image=&#8221;https:\/\/miami.samuel-marburger.com\/wp-content\/uploads\/2025\/09\/Portrait-Emmanuel-Gasnot-1.jpg&#8221; content_tablet=&#8221;<\/p>\n<p style=%22font-size: 40px; padding-bottom: 5px; line-height: normal;%22>Ils nous font conciance<\/p>\n<hr \/>\n<p><strong>GASNOT Emmanuel<\/strong><br \/>Pr\u00e9sident chez Groupe Dessange International<\/p>\n<p><em>\u201d La coiffure est un magnifique m\u00e9tier qui permet non seulement de faire parler sa cr\u00e9ativit\u00e9, mais \u00e9galement de rendre heureuse sa client\u00e8le en l\u2019accompagnant et en r\u00e9v\u00e9lant sa beaut\u00e9 \u201c<\/em><\/p>\n<p>&#8221; content_phone=&#8221;<\/p>\n<p style=%22font-size: 40px; padding-bottom: 5px; line-height: normal;%22>Ils nous font conciance<\/p>\n<hr \/>\n<p><strong>GASNOT EmmanuelX<\/strong><br \/>Pr\u00e9sident chez Groupe Dessange International<\/p>\n<p><em>\u201d La coiffure est un magnifique m\u00e9tier qui permet non seulement de faire parler sa cr\u00e9ativit\u00e9, mais \u00e9galement de rendre heureuse sa client\u00e8le en l\u2019accompagnant et en r\u00e9v\u00e9lant sa beaut\u00e9 \u201c<\/em><\/p>\n<p>&#8221; content_last_edited=&#8221;off|tablet&#8221; _builder_version=&#8221;4.27.4&#8243; _module_preset=&#8221;default&#8221; header_level=&#8221;h4&#8243; header_font=&#8221;Inter|600||on|||||&#8221; header_font_size=&#8221;30px&#8221; body_font=&#8221;Inter||||||||&#8221; body_text_align=&#8221;left&#8221; custom_padding=&#8221;||||false|false&#8221; body_text_align_tablet=&#8221;left&#8221; body_text_align_phone=&#8221;left&#8221; body_text_align_last_edited=&#8221;on|desktop&#8221; custom_css_free_form=&#8221;hr {||  border: none;||  border-top: 2px solid #7a87c0;||  width: 30px;||  margin-left: 0;||}||||&#8221; global_colors_info=&#8221;{}&#8221; sticky_transition=&#8221;on&#8221; theme_builder_area=&#8221;post_content&#8221;]<\/p>\n<p style=\"font-size: 40px; padding-bottom: 0px; line-height: normal;\">GASNOT EMMANUEL<\/p>\n<hr \/>\n<p>Pr\u00e9sident chez <a href=\"https:\/\/www.dessange-international.com\/\" target=\"_blank\" rel=\"noopener\">Groupe Dessange International<\/a><\/p>\n<p><em>&#8221; La coiffure est un magnifique m\u00e9tier qui permet non seulement de faire parler sa cr\u00e9ativit\u00e9, mais \u00e9galement de rendre heureuse sa client\u00e8le en l\u2019accompagnant et en r\u00e9v\u00e9lant sa beaut\u00e9 &#8220;<\/em><\/p>\n<p>[\/et_pb_slide][\/et_pb_fullwidth_slider][\/et_pb_section][et_pb_section fb_built=&#8221;1&#8243; _builder_version=&#8221;4.27.4&#8243; _module_preset=&#8221;default&#8221; background_enable_color=&#8221;off&#8221; custom_padding=&#8221;40px||40px||true|false&#8221; locked=&#8221;off&#8221; global_colors_info=&#8221;{}&#8221;][et_pb_row custom_padding_last_edited=&#8221;off|desktop&#8221; _builder_version=&#8221;4.27.4&#8243; _module_preset=&#8221;default&#8221; width_tablet=&#8221;80%&#8221; width_phone=&#8221;80%&#8221; width_last_edited=&#8221;on|desktop&#8221; max_width=&#8221;2560px&#8221; custom_margin_last_edited=&#8221;off|desktop&#8221; custom_padding=&#8221;||0px||false|false&#8221; custom_padding_phone=&#8221;|0%|||false|false&#8221; global_colors_info=&#8221;{}&#8221;][et_pb_column type=&#8221;4_4&#8243; _builder_version=&#8221;4.27.4&#8243; _module_preset=&#8221;default&#8221; global_colors_info=&#8221;{}&#8221;][et_pb_text _builder_version=&#8221;4.27.4&#8243; _module_preset=&#8221;default&#8221; text_font=&#8221;Inter||||||||&#8221; text_text_color=&#8221;#000000&#8243; header_2_font=&#8221;Inter|||on|||||&#8221; header_2_text_color=&#8221;#000000&#8243; custom_margin=&#8221;||5px||false|false&#8221; global_colors_info=&#8221;{}&#8221;]<\/p>\n<h2><b>Key figures<\/b><\/h2>\n<p>[\/et_pb_text][et_pb_divider color=&#8221;#7a87c0&#8243; divider_weight=&#8221;2px&#8221; _builder_version=&#8221;4.27.4&#8243; _module_preset=&#8221;default&#8221; width=&#8221;20px&#8221; module_alignment=&#8221;left&#8221; custom_margin=&#8221;||-15px||false|false&#8221; custom_padding=&#8221;||||false|false&#8221; global_colors_info=&#8221;{}&#8221;][\/et_pb_divider][dmpro_carousel columns=&#8221;3&#8243; container_padding=&#8221;0px|30px|0px|30px|true|true&#8221; loop=&#8221;on&#8221; autoplay=&#8221;on&#8221; navigation=&#8221;on&#8221; navigation_prev_icon_yn=&#8221;on&#8221; navigation_prev_icon=&#8221;&#x3c;||divi||400&#8243; navigation_next_icon_yn=&#8221;on&#8221; navigation_next_icon=&#8221;&#x3d;||divi||400&#8243; navigation_size=&#8221;30&#8243; navigation_color=&#8221;#190C46&#8243; navigation_position_left=&#8221;0px&#8221; navigation_position_right=&#8221;0px&#8221; columns_tablet=&#8221;3&#8243; columns_phone=&#8221;1&#8243; columns_last_edited=&#8221;on|phone&#8221; _builder_version=&#8221;4.27.4&#8243; _module_preset=&#8221;default&#8221; title_font=&#8221;Inter||||||||&#8221; title_font_size=&#8221;28px&#8221; desc_font=&#8221;Inter||||||||&#8221; desc_font_size=&#8221;18px&#8221; custom_padding=&#8221;||0px||false|false&#8221; global_colors_info=&#8221;{}&#8221;][dmpro_carousel_child title=&#8221;Graduated students per year &#8221; img_src=&#8221;https:\/\/miami.samuel-marburger.com\/wp-content\/uploads\/2025\/07\/ALUMNI-1.png&#8221; text_title=&#8221;1 500&#8243; desc_text=&#8221;<\/p>\n<p>Graduated students per year <\/p>\n<p>&#8221; img_width=&#8221;100px&#8221; _builder_version=&#8221;4.27.4&#8243; _module_preset=&#8221;default&#8221; title_font=&#8221;Inter||||||||&#8221; title_text_color=&#8221;#190C46&#8243; title_font_size=&#8221;30px&#8221; desc_font=&#8221;Inter|||on|||||&#8221; desc_text_color=&#8221;#190C46&#8243; desc_font_size=&#8221;20px&#8221; desc_line_height=&#8221;1em&#8221; width=&#8221;60%&#8221; title_font_size_tablet=&#8221;70px&#8221; title_font_size_phone=&#8221;30px&#8221; title_font_size_last_edited=&#8221;on|phone&#8221; desc_font_size_tablet=&#8221;20px&#8221; desc_font_size_phone=&#8221;20px&#8221; desc_font_size_last_edited=&#8221;on|phone&#8221; global_colors_info=&#8221;{}&#8221;][\/dmpro_carousel_child][dmpro_carousel_child title=&#8221;Strategic partnerships&#8221; img_src=&#8221;https:\/\/miami.samuel-marburger.com\/wp-content\/uploads\/2025\/07\/ALUMNI-1.png&#8221; text_title=&#8221;3 000&#8243; desc_text=&#8221;<\/p>\n<p>strategic partnerships<\/p>\n<p>&#8221; img_width=&#8221;100px&#8221; _builder_version=&#8221;4.27.4&#8243; _module_preset=&#8221;default&#8221; title_font=&#8221;Inter||||||||&#8221; title_text_color=&#8221;#190C46&#8243; title_font_size=&#8221;30px&#8221; desc_font=&#8221;Inter|||on|||||&#8221; desc_text_color=&#8221;#190C46&#8243; desc_font_size=&#8221;20px&#8221; desc_line_height=&#8221;1em&#8221; width=&#8221;60%&#8221; title_font_size_tablet=&#8221;70px&#8221; title_font_size_phone=&#8221;30px&#8221; title_font_size_last_edited=&#8221;on|phone&#8221; desc_font_size_tablet=&#8221;20px&#8221; desc_font_size_phone=&#8221;20px&#8221; desc_font_size_last_edited=&#8221;on|phone&#8221; global_colors_info=&#8221;{}&#8221;][\/dmpro_carousel_child][dmpro_carousel_child title=&#8221;Professional success&#8221; img_src=&#8221;https:\/\/miami.samuel-marburger.com\/wp-content\/uploads\/2025\/07\/ALUMNI-1.png&#8221; text_title=&#8221;80%&#8221; desc_text=&#8221;<\/p>\n<p>Professional success<\/p>\n<p>&#8221; img_width=&#8221;100px&#8221; _builder_version=&#8221;4.27.4&#8243; _module_preset=&#8221;default&#8221; title_font=&#8221;Inter||||||||&#8221; title_text_color=&#8221;#190C46&#8243; title_font_size=&#8221;30px&#8221; desc_font=&#8221;Inter|||on|||||&#8221; desc_text_color=&#8221;#190C46&#8243; desc_font_size=&#8221;20px&#8221; desc_line_height=&#8221;1em&#8221; width=&#8221;60%&#8221; title_font_size_tablet=&#8221;70px&#8221; title_font_size_phone=&#8221;30px&#8221; title_font_size_last_edited=&#8221;on|phone&#8221; desc_font_size_tablet=&#8221;20px&#8221; desc_font_size_phone=&#8221;20px&#8221; desc_font_size_last_edited=&#8221;on|phone&#8221; global_colors_info=&#8221;{}&#8221;][\/dmpro_carousel_child][dmpro_carousel_child title=&#8221;Graduation success&#8221; img_src=&#8221;https:\/\/miami.samuel-marburger.com\/wp-content\/uploads\/2025\/07\/ALUMNI-1.png&#8221; text_title=&#8221;83%&#8221; desc_text=&#8221;<\/p>\n<p>Graduation success<\/p>\n<p>&#8221; img_width=&#8221;100px&#8221; _builder_version=&#8221;4.27.4&#8243; _module_preset=&#8221;default&#8221; title_font=&#8221;Inter||||||||&#8221; title_text_color=&#8221;#190C46&#8243; title_font_size=&#8221;30px&#8221; desc_font=&#8221;Inter|||on|||||&#8221; desc_text_color=&#8221;#190C46&#8243; desc_font_size=&#8221;20px&#8221; desc_line_height=&#8221;1em&#8221; width=&#8221;60%&#8221; title_font_size_tablet=&#8221;70px&#8221; title_font_size_phone=&#8221;30px&#8221; title_font_size_last_edited=&#8221;on|phone&#8221; desc_font_size_tablet=&#8221;20px&#8221; desc_font_size_phone=&#8221;20px&#8221; desc_font_size_last_edited=&#8221;on|phone&#8221; global_colors_info=&#8221;{}&#8221;][\/dmpro_carousel_child][dmpro_carousel_child title=&#8221;Graduation success&#8221; img_src=&#8221;https:\/\/miami.samuel-marburger.com\/wp-content\/uploads\/2025\/07\/ALUMNI-1.png&#8221; text_title=&#8221;74.5%&#8221; desc_text=&#8221;<\/p>\n<p>Graduation success<\/p>\n<p>&#8221; img_width=&#8221;100px&#8221; _builder_version=&#8221;4.27.4&#8243; _module_preset=&#8221;default&#8221; title_font=&#8221;Inter||||||||&#8221; title_text_color=&#8221;#190C46&#8243; title_font_size=&#8221;30px&#8221; desc_font=&#8221;Inter|||on|||||&#8221; desc_text_color=&#8221;#190C46&#8243; desc_font_size=&#8221;20px&#8221; desc_line_height=&#8221;1em&#8221; width=&#8221;60%&#8221; title_font_size_tablet=&#8221;70px&#8221; title_font_size_phone=&#8221;30px&#8221; title_font_size_last_edited=&#8221;on|phone&#8221; desc_font_size_tablet=&#8221;20px&#8221; desc_font_size_phone=&#8221;20px&#8221; desc_font_size_last_edited=&#8221;on|phone&#8221; global_colors_info=&#8221;{}&#8221;][\/dmpro_carousel_child][dmpro_carousel_child title=&#8221;Alumni &#8221; img_src=&#8221;https:\/\/miami.samuel-marburger.com\/wp-content\/uploads\/2025\/07\/ALUMNI-1.png&#8221; text_title=&#8221;30 000 &#8221; desc_text=&#8221;<\/p>\n<p>Alumni <\/p>\n<p>&#8221; img_width=&#8221;100px&#8221; _builder_version=&#8221;4.27.4&#8243; _module_preset=&#8221;default&#8221; title_font=&#8221;Inter||||||||&#8221; title_text_color=&#8221;#190C46&#8243; title_font_size=&#8221;30px&#8221; desc_font=&#8221;Inter|||on|||||&#8221; desc_text_color=&#8221;#190C46&#8243; desc_font_size=&#8221;20px&#8221; desc_line_height=&#8221;1em&#8221; width=&#8221;60%&#8221; title_font_size_tablet=&#8221;70px&#8221; title_font_size_phone=&#8221;30px&#8221; title_font_size_last_edited=&#8221;on|phone&#8221; desc_font_size_tablet=&#8221;20px&#8221; desc_font_size_phone=&#8221;20px&#8221; desc_font_size_last_edited=&#8221;on|phone&#8221; global_colors_info=&#8221;{}&#8221;][\/dmpro_carousel_child][\/dmpro_carousel][\/et_pb_column][\/et_pb_row][\/et_pb_section]<\/p>\n","protected":false},"excerpt":{"rendered":"<p>Since 1953, Elys\u00e9es Marbeuf, the Beauty, Luxury and Fashion French Institute is a reference with a wide range of programs, to develop must-have hard and soft skills to become a high value professional on the Beauty, Luxury and Fashion market. Historically based in the heart of Paris, then Cannes and Lyon, Elys\u00e9es Marbeuf has opened [&hellip;]<\/p>\n","protected":false},"author":1,"featured_media":0,"parent":0,"menu_order":0,"comment_status":"closed","ping_status":"closed","template":"","meta":{"_et_pb_use_builder":"on","_et_pb_old_content":"","_et_gb_content_width":"","footnotes":""},"class_list":["post-16","page","type-page","status-publish","hentry"],"_links":{"self":[{"href":"https:\/\/miami.samuel-marburger.com\/index.php?rest_route=\/wp\/v2\/pages\/16","targetHints":{"allow":["GET"]}}],"collection":[{"href":"https:\/\/miami.samuel-marburger.com\/index.php?rest_route=\/wp\/v2\/pages"}],"about":[{"href":"https:\/\/miami.samuel-marburger.com\/index.php?rest_route=\/wp\/v2\/types\/page"}],"author":[{"embeddable":true,"href":"https:\/\/miami.samuel-marburger.com\/index.php?rest_route=\/wp\/v2\/users\/1"}],"replies":[{"embeddable":true,"href":"https:\/\/miami.samuel-marburger.com\/index.php?rest_route=%2Fwp%2Fv2%2Fcomments&post=16"}],"version-history":[{"count":8,"href":"https:\/\/miami.samuel-marburger.com\/index.php?rest_route=\/wp\/v2\/pages\/16\/revisions"}],"predecessor-version":[{"id":2708,"href":"https:\/\/miami.samuel-marburger.com\/index.php?rest_route=\/wp\/v2\/pages\/16\/revisions\/2708"}],"wp:attachment":[{"href":"https:\/\/miami.samuel-marburger.com\/index.php?rest_route=%2Fwp%2Fv2%2Fmedia&parent=16"}],"curies":[{"name":"wp","href":"https:\/\/api.w.org\/{rel}","templated":true}]}}